{"id":131,"date":"2020-01-17T15:26:04","date_gmt":"2020-01-17T15:26:04","guid":{"rendered":"https:\/\/demosites.io\/web-agency\/?page_id=28"},"modified":"2025-09-08T12:38:35","modified_gmt":"2025-09-08T11:38:35","slug":"about","status":"publish","type":"page","link":"https:\/\/qogir.de\/de\/home\/about\/","title":{"rendered":"\u00dcber uns"},"content":{"rendered":"<div data-elementor-type=\"wp-page\" data-elementor-id=\"131\" class=\"elementor elementor-131\" data-elementor-post-type=\"page\">\n\t\t\t\t\t\t<section class=\"elementor-section elementor-top-section elementor-element elementor-element-72082207 elementor-section-height-min-height elementor-section-items-bottom elementor-section-boxed elementor-section-height-default\" data-id=\"72082207\" data-element_type=\"section\" data-settings=\"{&quot;background_background&quot;:&quot;classic&quot;}\">\n\t\t\t\t\t\t\t<div class=\"elementor-background-overlay\"><\/div>\n\t\t\t\t\t\t\t<div class=\"elementor-container elementor-column-gap-default\">\n\t\t\t\t\t<div class=\"elementor-column elementor-col-100 elementor-top-column elementor-element elementor-element-adac9b2\" data-id=\"adac9b2\" data-element_type=\"column\">\n\t\t\t<div class=\"elementor-widget-wrap elementor-element-populated\">\n\t\t\t\t\t\t<div class=\"elementor-element elementor-element-18e92217 elementor-widget elementor-widget-heading\" data-id=\"18e92217\" data-element_type=\"widget\" data-widget_type=\"heading.default\">\n\t\t\t\t<div class=\"elementor-widget-container\">\n\t\t\t\t\t<h1 class=\"elementor-heading-title elementor-size-default\">Wir bringen Ihre Produktion in ein neues digitales Zeitalter<\/h1>\t\t\t\t<\/div>\n\t\t\t\t<\/div>\n\t\t\t\t<div class=\"elementor-element elementor-element-351a7a7 elementor-widget elementor-widget-text-editor\" data-id=\"351a7a7\" data-element_type=\"widget\" data-widget_type=\"text-editor.default\">\n\t\t\t\t<div class=\"elementor-widget-container\">\n\t\t\t\t\t\t\t\t\t<p>Bei Qogir Digital Services fokussieren wir uns auf die Digitalisierung Ihrer Produktion - von Maschinen, Prozessen und vor allem den Menschen, die damit t\u00e4glich arbeiten. Unser Zuhause ist die Produktionsumgebung. Wir kombinieren dieses Wissen mit unserem Software Knowhow!<\/p>\t\t\t\t\t\t\t\t<\/div>\n\t\t\t\t<\/div>\n\t\t\t\t\t<\/div>\n\t\t<\/div>\n\t\t\t\t\t<\/div>\n\t\t<\/section>\n\t\t\t\t<section class=\"elementor-section elementor-top-section elementor-element elementor-element-4289a2a elementor-section-boxed elementor-section-height-default elementor-section-height-default\" data-id=\"4289a2a\" data-element_type=\"section\" data-settings=\"{&quot;background_background&quot;:&quot;classic&quot;}\">\n\t\t\t\t\t\t<div class=\"elementor-container elementor-column-gap-default\">\n\t\t\t\t\t<div class=\"elementor-column elementor-col-50 elementor-top-column elementor-element elementor-element-180b719\" data-id=\"180b719\" data-element_type=\"column\">\n\t\t\t<div class=\"elementor-widget-wrap elementor-element-populated\">\n\t\t\t\t\t\t<div class=\"elementor-element elementor-element-9c76e5e elementor-widget elementor-widget-image\" data-id=\"9c76e5e\" data-element_type=\"widget\" data-widget_type=\"image.default\">\n\t\t\t\t<div class=\"elementor-widget-container\">\n\t\t\t\t\t\t\t\t\t\t\t\t\t\t\t<img fetchpriority=\"high\" decoding=\"async\" width=\"284\" height=\"443\" src=\"https:\/\/qogir.de\/wp-content\/uploads\/2020\/10\/Q.png\" class=\"attachment-large size-large wp-image-18\" alt=\"\" srcset=\"https:\/\/qogir.de\/wp-content\/uploads\/2020\/10\/Q.png 284w, https:\/\/qogir.de\/wp-content\/uploads\/2020\/10\/Q-192x300.png 192w\" sizes=\"(max-width: 284px) 100vw, 284px\" \/>\t\t\t\t\t\t\t\t\t\t\t\t\t\t\t<\/div>\n\t\t\t\t<\/div>\n\t\t\t\t\t<\/div>\n\t\t<\/div>\n\t\t\t\t<div class=\"elementor-column elementor-col-50 elementor-top-column elementor-element elementor-element-b10cbf9\" data-id=\"b10cbf9\" data-element_type=\"column\">\n\t\t\t<div class=\"elementor-widget-wrap elementor-element-populated\">\n\t\t\t\t\t\t<div class=\"elementor-element elementor-element-291533d elementor-widget elementor-widget-heading\" data-id=\"291533d\" data-element_type=\"widget\" data-widget_type=\"heading.default\">\n\t\t\t\t<div class=\"elementor-widget-container\">\n\t\t\t\t\t<h2 class=\"elementor-heading-title elementor-size-default\">Unser Story<\/h2>\t\t\t\t<\/div>\n\t\t\t\t<\/div>\n\t\t\t\t<div class=\"elementor-element elementor-element-96577bb elementor-widget elementor-widget-text-editor\" data-id=\"96577bb\" data-element_type=\"widget\" data-widget_type=\"text-editor.default\">\n\t\t\t\t<div class=\"elementor-widget-container\">\n\t\t\t\t\t\t\t\t\t<p data-start=\"676\" data-end=\"1030\">Die Geschichte von Qogir ist die Geschichte eines Gr\u00fcnders, der etwas ver\u00e4ndern will. Getrieben von Leidenschaft f\u00fcr moderne Produktionsumgebungen, Software und Automatisierung habe ich Qogir ins Leben gerufen. Die Verbindung von technischem Know-how und Prozessverst\u00e4ndnis macht meine Arbeit einzigartig \u2013 mit dem klaren Ziel, die besten L\u00f6sungen f\u00fcr unsere Kunden zu schaffen.<\/p><p data-start=\"1032\" data-end=\"1207\">Ich m\u00f6chte die Digitalisierung in Produktionsbereichen vorantreiben und modernste Systemarchitekturen nutzen, um Unternehmen in die n\u00e4chste \u00c4ra zu f\u00fchren und fit f\u00fcr die Zukunft zu machen.<\/p>\t\t\t\t\t\t\t\t<\/div>\n\t\t\t\t<\/div>\n\t\t\t\t\t<\/div>\n\t\t<\/div>\n\t\t\t\t\t<\/div>\n\t\t<\/section>\n\t\t\t\t<section class=\"elementor-section elementor-top-section elementor-element elementor-element-834445e elementor-section-boxed elementor-section-height-default elementor-section-height-default\" data-id=\"834445e\" data-element_type=\"section\">\n\t\t\t\t\t\t<div class=\"elementor-container elementor-column-gap-default\">\n\t\t\t\t\t<div class=\"elementor-column elementor-col-33 elementor-top-column elementor-element elementor-element-b6760f2\" data-id=\"b6760f2\" data-element_type=\"column\">\n\t\t\t<div class=\"elementor-widget-wrap elementor-element-populated\">\n\t\t\t\t\t\t<div class=\"elementor-element elementor-element-85a8e33 elementor-position-left elementor-view-default elementor-mobile-position-top elementor-vertical-align-top elementor-widget elementor-widget-icon-box\" data-id=\"85a8e33\" data-element_type=\"widget\" data-widget_type=\"icon-box.default\">\n\t\t\t\t<div class=\"elementor-widget-container\">\n\t\t\t\t\t\t\t<div class=\"elementor-icon-box-wrapper\">\n\n\t\t\t\t\t\t<div class=\"elementor-icon-box-icon\">\n\t\t\t\t<span  class=\"elementor-icon\">\n\t\t\t\t<i aria-hidden=\"true\" class=\"fas fa-check\"><\/i>\t\t\t\t<\/span>\n\t\t\t<\/div>\n\t\t\t\n\t\t\t\t\t\t<div class=\"elementor-icon-box-content\">\n\n\t\t\t\t\t\t\t\t\t<h3 class=\"elementor-icon-box-title\">\n\t\t\t\t\t\t<span  >\n\t\t\t\t\t\t\tLeidenschaftlich\t\t\t\t\t\t<\/span>\n\t\t\t\t\t<\/h3>\n\t\t\t\t\n\t\t\t\t\t\t\t\t\t<p class=\"elementor-icon-box-description\">\n\t\t\t\t\t\tWir lieben unsere Aufgabe und freuen uns \u00fcber jegliche Challenge!\t\t\t\t\t<\/p>\n\t\t\t\t\n\t\t\t<\/div>\n\t\t\t\n\t\t<\/div>\n\t\t\t\t\t\t<\/div>\n\t\t\t\t<\/div>\n\t\t\t\t\t<\/div>\n\t\t<\/div>\n\t\t\t\t<div class=\"elementor-column elementor-col-33 elementor-top-column elementor-element elementor-element-65d464a\" data-id=\"65d464a\" data-element_type=\"column\">\n\t\t\t<div class=\"elementor-widget-wrap elementor-element-populated\">\n\t\t\t\t\t\t<div class=\"elementor-element elementor-element-e919e41 elementor-position-left elementor-view-default elementor-mobile-position-top elementor-vertical-align-top elementor-widget elementor-widget-icon-box\" data-id=\"e919e41\" data-element_type=\"widget\" data-widget_type=\"icon-box.default\">\n\t\t\t\t<div class=\"elementor-widget-container\">\n\t\t\t\t\t\t\t<div class=\"elementor-icon-box-wrapper\">\n\n\t\t\t\t\t\t<div class=\"elementor-icon-box-icon\">\n\t\t\t\t<span  class=\"elementor-icon\">\n\t\t\t\t<i aria-hidden=\"true\" class=\"fas fa-check\"><\/i>\t\t\t\t<\/span>\n\t\t\t<\/div>\n\t\t\t\n\t\t\t\t\t\t<div class=\"elementor-icon-box-content\">\n\n\t\t\t\t\t\t\t\t\t<h3 class=\"elementor-icon-box-title\">\n\t\t\t\t\t\t<span  >\n\t\t\t\t\t\t\tEngagiert\t\t\t\t\t\t<\/span>\n\t\t\t\t\t<\/h3>\n\t\t\t\t\n\t\t\t\t\t\t\t\t\t<p class=\"elementor-icon-box-description\">\n\t\t\t\t\t\tWir machen nicht einfach nur ein Projekt. Besser noch - wir geben nicht auf, bevor wir die beste L\u00f6sung f\u00fcr Ihr Problem gefunden haben!\t\t\t\t\t<\/p>\n\t\t\t\t\n\t\t\t<\/div>\n\t\t\t\n\t\t<\/div>\n\t\t\t\t\t\t<\/div>\n\t\t\t\t<\/div>\n\t\t\t\t\t<\/div>\n\t\t<\/div>\n\t\t\t\t<div class=\"elementor-column elementor-col-33 elementor-top-column elementor-element elementor-element-fc1d2b8\" data-id=\"fc1d2b8\" data-element_type=\"column\">\n\t\t\t<div class=\"elementor-widget-wrap elementor-element-populated\">\n\t\t\t\t\t\t<div class=\"elementor-element elementor-element-cda6012 elementor-position-left elementor-view-default elementor-mobile-position-top elementor-vertical-align-top elementor-widget elementor-widget-icon-box\" data-id=\"cda6012\" data-element_type=\"widget\" data-widget_type=\"icon-box.default\">\n\t\t\t\t<div class=\"elementor-widget-container\">\n\t\t\t\t\t\t\t<div class=\"elementor-icon-box-wrapper\">\n\n\t\t\t\t\t\t<div class=\"elementor-icon-box-icon\">\n\t\t\t\t<span  class=\"elementor-icon\">\n\t\t\t\t<i aria-hidden=\"true\" class=\"fas fa-check\"><\/i>\t\t\t\t<\/span>\n\t\t\t<\/div>\n\t\t\t\n\t\t\t\t\t\t<div class=\"elementor-icon-box-content\">\n\n\t\t\t\t\t\t\t\t\t<h3 class=\"elementor-icon-box-title\">\n\t\t\t\t\t\t<span  >\n\t\t\t\t\t\t\tErfahren\t\t\t\t\t\t<\/span>\n\t\t\t\t\t<\/h3>\n\t\t\t\t\n\t\t\t\t\t\t\t\t\t<p class=\"elementor-icon-box-description\">\n\t\t\t\t\t\tMit unserem breiten Wissen entlang der Wertsch\u00f6pfungskette sind wir f\u00fcr jegliche Herausforderung bestens ger\u00fcstet.\t\t\t\t\t<\/p>\n\t\t\t\t\n\t\t\t<\/div>\n\t\t\t\n\t\t<\/div>\n\t\t\t\t\t\t<\/div>\n\t\t\t\t<\/div>\n\t\t\t\t\t<\/div>\n\t\t<\/div>\n\t\t\t\t\t<\/div>\n\t\t<\/section>\n\t\t\t\t<section class=\"elementor-section elementor-top-section elementor-element elementor-element-a048956 elementor-section-boxed elementor-section-height-default elementor-section-height-default\" data-id=\"a048956\" data-element_type=\"section\" data-settings=\"{&quot;background_background&quot;:&quot;classic&quot;}\">\n\t\t\t\t\t\t<div class=\"elementor-container elementor-column-gap-default\">\n\t\t\t\t\t<div class=\"elementor-column elementor-col-100 elementor-top-column elementor-element elementor-element-4c87927\" data-id=\"4c87927\" data-element_type=\"column\" data-settings=\"{&quot;background_background&quot;:&quot;classic&quot;}\">\n\t\t\t<div class=\"elementor-widget-wrap elementor-element-populated\">\n\t\t\t\t\t\t<div class=\"elementor-element elementor-element-f2e3773 elementor-widget elementor-widget-image\" data-id=\"f2e3773\" data-element_type=\"widget\" data-widget_type=\"image.default\">\n\t\t\t\t<div class=\"elementor-widget-container\">\n\t\t\t\t\t\t\t\t\t\t\t\t\t\t\t<img decoding=\"async\" width=\"1024\" height=\"682\" src=\"https:\/\/qogir.de\/wp-content\/uploads\/2020\/11\/Alexander-karl-1024x682.webp\" class=\"attachment-large size-large wp-image-445\" alt=\"\" srcset=\"https:\/\/qogir.de\/wp-content\/uploads\/2020\/11\/Alexander-karl-1024x682.webp 1024w, https:\/\/qogir.de\/wp-content\/uploads\/2020\/11\/Alexander-karl-300x200.webp 300w, https:\/\/qogir.de\/wp-content\/uploads\/2020\/11\/Alexander-karl-768x511.webp 768w, https:\/\/qogir.de\/wp-content\/uploads\/2020\/11\/Alexander-karl-1536x1022.webp 1536w, https:\/\/qogir.de\/wp-content\/uploads\/2020\/11\/Alexander-karl-16x12.webp 16w, https:\/\/qogir.de\/wp-content\/uploads\/2020\/11\/Alexander-karl-930x620.webp 930w, https:\/\/qogir.de\/wp-content\/uploads\/2020\/11\/Alexander-karl.webp 1600w\" sizes=\"(max-width: 1024px) 100vw, 1024px\" \/>\t\t\t\t\t\t\t\t\t\t\t\t\t\t\t<\/div>\n\t\t\t\t<\/div>\n\t\t\t\t<div class=\"elementor-element elementor-element-80889ce elementor-widget elementor-widget-heading\" data-id=\"80889ce\" data-element_type=\"widget\" data-widget_type=\"heading.default\">\n\t\t\t\t<div class=\"elementor-widget-container\">\n\t\t\t\t\t<h3 class=\"elementor-heading-title elementor-size-default\">Alexander Karl<\/h3>\t\t\t\t<\/div>\n\t\t\t\t<\/div>\n\t\t\t\t<div class=\"elementor-element elementor-element-0ea54b7 elementor-widget elementor-widget-heading\" data-id=\"0ea54b7\" data-element_type=\"widget\" data-widget_type=\"heading.default\">\n\t\t\t\t<div class=\"elementor-widget-container\">\n\t\t\t\t\t<p class=\"elementor-heading-title elementor-size-default\">Gesch\u00e4ftsf\u00fchrer<\/p>\t\t\t\t<\/div>\n\t\t\t\t<\/div>\n\t\t\t\t<div class=\"elementor-element elementor-element-1894285 elementor-shape-circle elementor-grid-0 elementor-widget elementor-widget-social-icons\" data-id=\"1894285\" data-element_type=\"widget\" data-widget_type=\"social-icons.default\">\n\t\t\t\t<div class=\"elementor-widget-container\">\n\t\t\t\t\t\t\t<div class=\"elementor-social-icons-wrapper elementor-grid\" role=\"list\">\n\t\t\t\t\t\t\t<span class=\"elementor-grid-item\" role=\"listitem\">\n\t\t\t\t\t<a class=\"elementor-icon elementor-social-icon elementor-social-icon-linkedin elementor-repeater-item-b54e146\" href=\"https:\/\/www.linkedin.com\/in\/alexander-karl-531a32185\/\" target=\"_blank\">\n\t\t\t\t\t\t<span class=\"elementor-screen-only\">Linkedin<\/span>\n\t\t\t\t\t\t<i class=\"fab fa-linkedin\"><\/i>\t\t\t\t\t<\/a>\n\t\t\t\t<\/span>\n\t\t\t\t\t\t\t<span class=\"elementor-grid-item\" role=\"listitem\">\n\t\t\t\t\t<a class=\"elementor-icon elementor-social-icon elementor-social-icon-xing elementor-repeater-item-84bb413\" href=\"https:\/\/www.xing.com\/profile\/Alexander_Karl22\/cv\" target=\"_blank\">\n\t\t\t\t\t\t<span class=\"elementor-screen-only\">Xing<\/span>\n\t\t\t\t\t\t<i class=\"fab fa-xing\"><\/i>\t\t\t\t\t<\/a>\n\t\t\t\t<\/span>\n\t\t\t\t\t<\/div>\n\t\t\t\t\t\t<\/div>\n\t\t\t\t<\/div>\n\t\t\t\t\t<\/div>\n\t\t<\/div>\n\t\t\t\t\t<\/div>\n\t\t<\/section>\n\t\t\t\t<\/div>","protected":false},"excerpt":{"rendered":"<p>We transform your production into a new digital era At Qogir Digital Services we focus on digitalization of the production \u2013 from machines, processes and the people that work with it!\u00a0Our home is the manufacturing environment and we combine this knowledge with our huge software\u00a0expertise! Our Story The story of Qogir is the story of&hellip;&nbsp;<a href=\"https:\/\/qogir.de\/de\/home\/about\/\" class=\"\" rel=\"bookmark\">Weiterlesen &raquo;<span class=\"screen-reader-text\">\u00dcber uns<\/span><\/a><\/p>","protected":false},"author":2,"featured_media":0,"parent":5,"menu_order":0,"comment_status":"closed","ping_status":"closed","template":"page-templates\/template-pagebuilder-full-width.php","meta":{"inline_featured_image":false,"neve_meta_sidebar":"full-width","neve_meta_container":"","neve_meta_enable_content_width":"on","neve_meta_content_width":100,"neve_meta_title_alignment":"","neve_meta_author_avatar":"","neve_post_elements_order":"","neve_meta_disable_header":"","neve_meta_disable_footer":"","neve_meta_disable_title":"","footnotes":""},"class_list":["post-131","page","type-page","status-publish","hentry"],"yoast_head":"<!-- This site is optimized with the Yoast SEO plugin v26.0 - https:\/\/yoast.com\/wordpress\/plugins\/seo\/ -->\n<title>About Us - Qogir<\/title>\n<meta name=\"robots\" content=\"index, follow, max-snippet:-1, max-image-preview:large, max-video-preview:-1\" \/>\n<link rel=\"canonical\" href=\"https:\/\/qogir.de\/de\/home\/about\/\" \/>\n<meta property=\"og:locale\" content=\"de_DE\" \/>\n<meta property=\"og:type\" content=\"article\" \/>\n<meta property=\"og:title\" content=\"About Us - Qogir\" \/>\n<meta property=\"og:description\" content=\"We transform your production into a new digital era At Qogir Digital Services we focus on digitalization of the production \u2013 from machines, processes and the people that work with it!\u00a0Our home is the manufacturing environment and we combine this knowledge with our huge software\u00a0expertise! Our Story The story of Qogir is the story of&hellip;&nbsp;Weiterlesen &raquo;About Us\" \/>\n<meta property=\"og:url\" content=\"https:\/\/qogir.de\/de\/home\/about\/\" \/>\n<meta property=\"og:site_name\" content=\"Qogir\" \/>\n<meta property=\"article:modified_time\" content=\"2025-09-08T11:38:35+00:00\" \/>\n<meta property=\"og:image\" content=\"https:\/\/qogir.eu\/wp-content\/uploads\/2020\/10\/Q.png\" \/>\n<meta name=\"twitter:card\" content=\"summary_large_image\" \/>\n<meta name=\"twitter:label1\" content=\"Gesch\u00e4tzte Lesezeit\" \/>\n\t<meta name=\"twitter:data1\" content=\"2\u00a0Minuten\" \/>\n<script type=\"application\/ld+json\" class=\"yoast-schema-graph\">{\"@context\":\"https:\/\/schema.org\",\"@graph\":[{\"@type\":\"WebPage\",\"@id\":\"https:\/\/qogir.de\/home\/about\/\",\"url\":\"https:\/\/qogir.de\/home\/about\/\",\"name\":\"About Us - Qogir\",\"isPartOf\":{\"@id\":\"https:\/\/qogir.de\/de\/#website\"},\"primaryImageOfPage\":{\"@id\":\"https:\/\/qogir.de\/home\/about\/#primaryimage\"},\"image\":{\"@id\":\"https:\/\/qogir.de\/home\/about\/#primaryimage\"},\"thumbnailUrl\":\"https:\/\/qogir.eu\/wp-content\/uploads\/2020\/10\/Q.png\",\"datePublished\":\"2020-01-17T15:26:04+00:00\",\"dateModified\":\"2025-09-08T11:38:35+00:00\",\"breadcrumb\":{\"@id\":\"https:\/\/qogir.de\/home\/about\/#breadcrumb\"},\"inLanguage\":\"de\",\"potentialAction\":[{\"@type\":\"ReadAction\",\"target\":[\"https:\/\/qogir.de\/home\/about\/\"]}]},{\"@type\":\"ImageObject\",\"inLanguage\":\"de\",\"@id\":\"https:\/\/qogir.de\/home\/about\/#primaryimage\",\"url\":\"https:\/\/qogir.eu\/wp-content\/uploads\/2020\/10\/Q.png\",\"contentUrl\":\"https:\/\/qogir.eu\/wp-content\/uploads\/2020\/10\/Q.png\"},{\"@type\":\"BreadcrumbList\",\"@id\":\"https:\/\/qogir.de\/home\/about\/#breadcrumb\",\"itemListElement\":[{\"@type\":\"ListItem\",\"position\":1,\"name\":\"Startseite\",\"item\":\"https:\/\/qogir.de\/\"},{\"@type\":\"ListItem\",\"position\":2,\"name\":\"Home\",\"item\":\"https:\/\/qogir.de\/\"},{\"@type\":\"ListItem\",\"position\":3,\"name\":\"About Us\"}]},{\"@type\":\"WebSite\",\"@id\":\"https:\/\/qogir.de\/de\/#website\",\"url\":\"https:\/\/qogir.de\/de\/\",\"name\":\"Qogir\",\"description\":\"Qogir Digital Services GmbH\",\"publisher\":{\"@id\":\"https:\/\/qogir.de\/de\/#organization\"},\"potentialAction\":[{\"@type\":\"SearchAction\",\"target\":{\"@type\":\"EntryPoint\",\"urlTemplate\":\"https:\/\/qogir.de\/de\/?s={search_term_string}\"},\"query-input\":{\"@type\":\"PropertyValueSpecification\",\"valueRequired\":true,\"valueName\":\"search_term_string\"}}],\"inLanguage\":\"de\"},{\"@type\":\"Organization\",\"@id\":\"https:\/\/qogir.de\/de\/#organization\",\"name\":\"Qogir Digital Services GmbH\",\"url\":\"https:\/\/qogir.de\/de\/\",\"logo\":{\"@type\":\"ImageObject\",\"inLanguage\":\"de\",\"@id\":\"https:\/\/qogir.de\/de\/#\/schema\/logo\/image\/\",\"url\":\"https:\/\/qogir.eu\/wp-content\/uploads\/2020\/10\/Qogir_transparent_240.png\",\"contentUrl\":\"https:\/\/qogir.eu\/wp-content\/uploads\/2020\/10\/Qogir_transparent_240.png\",\"width\":320,\"height\":208,\"caption\":\"Qogir Digital Services GmbH\"},\"image\":{\"@id\":\"https:\/\/qogir.de\/de\/#\/schema\/logo\/image\/\"}}]}<\/script>\n<!-- \/ Yoast SEO plugin. -->","yoast_head_json":{"title":"About Us - Qogir","robots":{"index":"index","follow":"follow","max-snippet":"max-snippet:-1","max-image-preview":"max-image-preview:large","max-video-preview":"max-video-preview:-1"},"canonical":"https:\/\/qogir.de\/de\/home\/about\/","og_locale":"de_DE","og_type":"article","og_title":"About Us - Qogir","og_description":"We transform your production into a new digital era At Qogir Digital Services we focus on digitalization of the production \u2013 from machines, processes and the people that work with it!\u00a0Our home is the manufacturing environment and we combine this knowledge with our huge software\u00a0expertise! Our Story The story of Qogir is the story of&hellip;&nbsp;Weiterlesen &raquo;About Us","og_url":"https:\/\/qogir.de\/de\/home\/about\/","og_site_name":"Qogir","article_modified_time":"2025-09-08T11:38:35+00:00","og_image":[{"url":"https:\/\/qogir.eu\/wp-content\/uploads\/2020\/10\/Q.png","type":"","width":"","height":""}],"twitter_card":"summary_large_image","twitter_misc":{"Gesch\u00e4tzte Lesezeit":"2\u00a0Minuten"},"schema":{"@context":"https:\/\/schema.org","@graph":[{"@type":"WebPage","@id":"https:\/\/qogir.de\/home\/about\/","url":"https:\/\/qogir.de\/home\/about\/","name":"About Us - Qogir","isPartOf":{"@id":"https:\/\/qogir.de\/de\/#website"},"primaryImageOfPage":{"@id":"https:\/\/qogir.de\/home\/about\/#primaryimage"},"image":{"@id":"https:\/\/qogir.de\/home\/about\/#primaryimage"},"thumbnailUrl":"https:\/\/qogir.eu\/wp-content\/uploads\/2020\/10\/Q.png","datePublished":"2020-01-17T15:26:04+00:00","dateModified":"2025-09-08T11:38:35+00:00","breadcrumb":{"@id":"https:\/\/qogir.de\/home\/about\/#breadcrumb"},"inLanguage":"de","potentialAction":[{"@type":"ReadAction","target":["https:\/\/qogir.de\/home\/about\/"]}]},{"@type":"ImageObject","inLanguage":"de","@id":"https:\/\/qogir.de\/home\/about\/#primaryimage","url":"https:\/\/qogir.eu\/wp-content\/uploads\/2020\/10\/Q.png","contentUrl":"https:\/\/qogir.eu\/wp-content\/uploads\/2020\/10\/Q.png"},{"@type":"BreadcrumbList","@id":"https:\/\/qogir.de\/home\/about\/#breadcrumb","itemListElement":[{"@type":"ListItem","position":1,"name":"Startseite","item":"https:\/\/qogir.de\/"},{"@type":"ListItem","position":2,"name":"Home","item":"https:\/\/qogir.de\/"},{"@type":"ListItem","position":3,"name":"About Us"}]},{"@type":"WebSite","@id":"https:\/\/qogir.de\/de\/#website","url":"https:\/\/qogir.de\/de\/","name":"Qogir","description":"Qogir Digital Services GmbH","publisher":{"@id":"https:\/\/qogir.de\/de\/#organization"},"potentialAction":[{"@type":"SearchAction","target":{"@type":"EntryPoint","urlTemplate":"https:\/\/qogir.de\/de\/?s={search_term_string}"},"query-input":{"@type":"PropertyValueSpecification","valueRequired":true,"valueName":"search_term_string"}}],"inLanguage":"de"},{"@type":"Organization","@id":"https:\/\/qogir.de\/de\/#organization","name":"Qogir Digital Services GmbH","url":"https:\/\/qogir.de\/de\/","logo":{"@type":"ImageObject","inLanguage":"de","@id":"https:\/\/qogir.de\/de\/#\/schema\/logo\/image\/","url":"https:\/\/qogir.eu\/wp-content\/uploads\/2020\/10\/Qogir_transparent_240.png","contentUrl":"https:\/\/qogir.eu\/wp-content\/uploads\/2020\/10\/Qogir_transparent_240.png","width":320,"height":208,"caption":"Qogir Digital Services GmbH"},"image":{"@id":"https:\/\/qogir.de\/de\/#\/schema\/logo\/image\/"}}]}},"_links":{"self":[{"href":"https:\/\/qogir.de\/de\/wp-json\/wp\/v2\/pages\/131","targetHints":{"allow":["GET"]}}],"collection":[{"href":"https:\/\/qogir.de\/de\/wp-json\/wp\/v2\/pages"}],"about":[{"href":"https:\/\/qogir.de\/de\/wp-json\/wp\/v2\/types\/page"}],"author":[{"embeddable":true,"href":"https:\/\/qogir.de\/de\/wp-json\/wp\/v2\/users\/2"}],"replies":[{"embeddable":true,"href":"https:\/\/qogir.de\/de\/wp-json\/wp\/v2\/comments?post=131"}],"version-history":[{"count":73,"href":"https:\/\/qogir.de\/de\/wp-json\/wp\/v2\/pages\/131\/revisions"}],"predecessor-version":[{"id":2203,"href":"https:\/\/qogir.de\/de\/wp-json\/wp\/v2\/pages\/131\/revisions\/2203"}],"up":[{"embeddable":true,"href":"https:\/\/qogir.de\/de\/wp-json\/wp\/v2\/pages\/5"}],"wp:attachment":[{"href":"https:\/\/qogir.de\/de\/wp-json\/wp\/v2\/media?parent=131"}],"curies":[{"name":"wp","href":"https:\/\/api.w.org\/{rel}","templated":true}]}}