{"id":1713,"date":"2025-04-15T12:24:14","date_gmt":"2025-04-15T11:24:14","guid":{"rendered":"https:\/\/qogir.eu\/?page_id=1713"},"modified":"2025-07-08T12:49:38","modified_gmt":"2025-07-08T11:49:38","slug":"supplier","status":"publish","type":"page","link":"https:\/\/qogir.de\/de\/home\/supplier\/","title":{"rendered":"Supplier"},"content":{"rendered":"<div data-elementor-type=\"wp-page\" data-elementor-id=\"1713\" class=\"elementor elementor-1713\" data-elementor-post-type=\"page\">\n\t\t\t\t\t\t<section class=\"elementor-section elementor-top-section elementor-element elementor-element-80af710 elementor-section-boxed elementor-section-height-default elementor-section-height-default elementor-invisible\" data-id=\"80af710\" data-element_type=\"section\" data-settings=\"{&quot;background_background&quot;:&quot;classic&quot;,&quot;animation&quot;:&quot;zoomIn&quot;}\">\n\t\t\t\t\t\t<div class=\"elementor-container elementor-column-gap-default\">\n\t\t\t\t\t<div class=\"elementor-column elementor-col-100 elementor-top-column elementor-element elementor-element-fc98537\" data-id=\"fc98537\" data-element_type=\"column\">\n\t\t\t<div class=\"elementor-widget-wrap elementor-element-populated\">\n\t\t\t\t\t\t<div class=\"elementor-element elementor-element-7a259c0 elementor-widget elementor-widget-heading\" data-id=\"7a259c0\" data-element_type=\"widget\" data-widget_type=\"heading.default\">\n\t\t\t\t<div class=\"elementor-widget-container\">\n\t\t\t\t\t<h2 class=\"elementor-heading-title elementor-size-default\">Systemintegratoren &amp; Maschinenlieferanten<\/h2>\t\t\t\t<\/div>\n\t\t\t\t<\/div>\n\t\t\t\t\t<\/div>\n\t\t<\/div>\n\t\t\t\t\t<\/div>\n\t\t<\/section>\n\t\t\t\t<section class=\"elementor-section elementor-top-section elementor-element elementor-element-ad3e144 elementor-section-boxed elementor-section-height-default elementor-section-height-default elementor-invisible\" data-id=\"ad3e144\" data-element_type=\"section\" data-settings=\"{&quot;animation&quot;:&quot;zoomIn&quot;}\">\n\t\t\t\t\t\t<div class=\"elementor-container elementor-column-gap-default\">\n\t\t\t\t\t<div class=\"elementor-column elementor-col-100 elementor-top-column elementor-element elementor-element-93f1425\" data-id=\"93f1425\" data-element_type=\"column\">\n\t\t\t<div class=\"elementor-widget-wrap elementor-element-populated\">\n\t\t\t\t\t\t<div class=\"elementor-element elementor-element-f5d2769 elementor-widget elementor-widget-text-editor\" data-id=\"f5d2769\" data-element_type=\"widget\" data-widget_type=\"text-editor.default\">\n\t\t\t\t<div class=\"elementor-widget-container\">\n\t\t\t\t\t\t\t\t\t<p><strong>Technisch durchdacht, aber beim Kunden nicht reibungslos?<br \/><\/strong>Als Systemintegratoren oder Maschinenlieferanten liefern Sie die Technologie \u2013 doch die eigentlichen H\u00fcrden entstehen erst vor Ort beim Kunden: In einer Umgebung aus bestehenden Maschinen, gewachsenen Prozessen und un\u00fcbersichtlicher IT-Struktur.<\/p><p class=\"\" data-start=\"2182\" data-end=\"2351\">Wir verstehen beide Seiten. Deshalb sprechen wir die Sprache von Enablern wie auch Finishern und sorgen daf\u00fcr, dass Systeme, Schnittstellen und Prozesse ineinandergreifen.<\/p>\t\t\t\t\t\t\t\t<\/div>\n\t\t\t\t<\/div>\n\t\t\t\t<div class=\"elementor-element elementor-element-37eef81 elementor-widget elementor-widget-heading\" data-id=\"37eef81\" data-element_type=\"widget\" data-widget_type=\"heading.default\">\n\t\t\t\t<div class=\"elementor-widget-container\">\n\t\t\t\t\t<h3 class=\"elementor-heading-title elementor-size-default\">Typische Herausforderungen\u200b<\/h3>\t\t\t\t<\/div>\n\t\t\t\t<\/div>\n\t\t\t\t<div class=\"elementor-element elementor-element-e5efb48 elementor-widget elementor-widget-heading\" data-id=\"e5efb48\" data-element_type=\"widget\" data-widget_type=\"heading.default\">\n\t\t\t\t<div class=\"elementor-widget-container\">\n\t\t\t\t\t<span class=\"elementor-heading-title elementor-size-default\">Viele Projekte scheitern nicht an der gelieferten Technologie \u2013 sondern daran, dass sie beim Kunden nicht so funktioniert wie geplant.\nTechnische R\u00fcckfragen werden \u00fcbersehen, Spezifikationen zu fr\u00fch freigegeben \u2013 oder die Realit\u00e4t beim Kunden ist komplexer als gedacht.\n\n<\/span>\t\t\t\t<\/div>\n\t\t\t\t<\/div>\n\t\t\t\t<div class=\"elementor-element elementor-element-857ed4a elementor-align-left elementor-icon-list--layout-traditional elementor-list-item-link-full_width elementor-widget elementor-widget-icon-list\" data-id=\"857ed4a\" data-element_type=\"widget\" data-widget_type=\"icon-list.default\">\n\t\t\t\t<div class=\"elementor-widget-container\">\n\t\t\t\t\t\t\t<ul class=\"elementor-icon-list-items\">\n\t\t\t\t\t\t\t<li class=\"elementor-icon-list-item\">\n\t\t\t\t\t\t\t\t\t\t\t<span class=\"elementor-icon-list-icon\">\n\t\t\t\t\t\t\t<i aria-hidden=\"true\" class=\"fas fa-thumbs-down\"><\/i>\t\t\t\t\t\t<\/span>\n\t\t\t\t\t\t\t\t\t\t<span class=\"elementor-icon-list-text\">Die Maschine ist aufgebaut \u2013 aber der Kunde hat noch kein Netzwerk, keine IP-Vergabe, keine Schnittstellenfreigabe.<\/span>\n\t\t\t\t\t\t\t\t\t<\/li>\n\t\t\t\t\t\t\t\t<li class=\"elementor-icon-list-item\">\n\t\t\t\t\t\t\t\t\t\t\t<span class=\"elementor-icon-list-icon\">\n\t\t\t\t\t\t\t<i aria-hidden=\"true\" class=\"fas fa-thumbs-down\"><\/i>\t\t\t\t\t\t<\/span>\n\t\t\t\t\t\t\t\t\t\t<span class=\"elementor-icon-list-text\">Die Inbetriebnahme stockt, weil niemand genau wei\u00df, wie MES oder ERP angebunden werden sollen.<\/span>\n\t\t\t\t\t\t\t\t\t<\/li>\n\t\t\t\t\t\t\t\t<li class=\"elementor-icon-list-item\">\n\t\t\t\t\t\t\t\t\t\t\t<span class=\"elementor-icon-list-icon\">\n\t\t\t\t\t\t\t<i aria-hidden=\"true\" class=\"fas fa-thumbs-down\"><\/i>\t\t\t\t\t\t<\/span>\n\t\t\t\t\t\t\t\t\t\t<span class=\"elementor-icon-list-text\">Der Kunde fordert nachtr\u00e4glich GMP-Dokumentation \u2013 obwohl das nie spezifiziert war.<\/span>\n\t\t\t\t\t\t\t\t\t<\/li>\n\t\t\t\t\t\t\t\t<li class=\"elementor-icon-list-item\">\n\t\t\t\t\t\t\t\t\t\t\t<span class=\"elementor-icon-list-icon\">\n\t\t\t\t\t\t\t<i aria-hidden=\"true\" class=\"fas fa-thumbs-down\"><\/i>\t\t\t\t\t\t<\/span>\n\t\t\t\t\t\t\t\t\t\t<span class=\"elementor-icon-list-text\">Eine zus\u00e4tzliche Funktion wird beauftragt, aber die Integration in die Altanlage ist unklar.<\/span>\n\t\t\t\t\t\t\t\t\t<\/li>\n\t\t\t\t\t\t\t\t<li class=\"elementor-icon-list-item\">\n\t\t\t\t\t\t\t\t\t\t\t<span class=\"elementor-icon-list-icon\">\n\t\t\t\t\t\t\t<i aria-hidden=\"true\" class=\"fas fa-thumbs-down\"><\/i>\t\t\t\t\t\t<\/span>\n\t\t\t\t\t\t\t\t\t\t<span class=\"elementor-icon-list-text\">Ihr System liefert die Daten \u2013 aber der Kunde sagt, das OEE passt nicht.<\/span>\n\t\t\t\t\t\t\t\t\t<\/li>\n\t\t\t\t\t\t\t\t<li class=\"elementor-icon-list-item\">\n\t\t\t\t\t\t\t\t\t\t\t<span class=\"elementor-icon-list-icon\">\n\t\t\t\t\t\t\t<i aria-hidden=\"true\" class=\"fas fa-thumbs-down\"><\/i>\t\t\t\t\t\t<\/span>\n\t\t\t\t\t\t\t\t\t\t<span class=\"elementor-icon-list-text\">Die Spezifikation ist abgezeichnet, doch beim Go-Live stellt sich heraus: Das Lastenheft passt nicht zur Realit\u00e4t.<\/span>\n\t\t\t\t\t\t\t\t\t<\/li>\n\t\t\t\t\t\t\t\t<li class=\"elementor-icon-list-item\">\n\t\t\t\t\t\t\t\t\t\t\t<span class=\"elementor-icon-list-icon\">\n\t\t\t\t\t\t\t<i aria-hidden=\"true\" class=\"fas fa-thumbs-down\"><\/i>\t\t\t\t\t\t<\/span>\n\t\t\t\t\t\t\t\t\t\t<span class=\"elementor-icon-list-text\">Ihr Support wird gerufen, obwohl die Ursache in der Produktions-IT des Kunden liegt.<\/span>\n\t\t\t\t\t\t\t\t\t<\/li>\n\t\t\t\t\t\t<\/ul>\n\t\t\t\t\t\t<\/div>\n\t\t\t\t<\/div>\n\t\t\t\t\t<\/div>\n\t\t<\/div>\n\t\t\t\t\t<\/div>\n\t\t<\/section>\n\t\t\t\t<section class=\"elementor-section elementor-top-section elementor-element elementor-element-0eb6339 elementor-section-boxed elementor-section-height-default elementor-section-height-default elementor-invisible\" data-id=\"0eb6339\" data-element_type=\"section\" data-settings=\"{&quot;animation&quot;:&quot;zoomIn&quot;}\">\n\t\t\t\t\t\t<div class=\"elementor-container elementor-column-gap-default\">\n\t\t\t\t\t<div class=\"elementor-column elementor-col-100 elementor-top-column elementor-element elementor-element-4f46f5a\" data-id=\"4f46f5a\" data-element_type=\"column\">\n\t\t\t<div class=\"elementor-widget-wrap elementor-element-populated\">\n\t\t\t\t\t\t<div class=\"elementor-element elementor-element-8bb9199 elementor-widget elementor-widget-text-editor\" data-id=\"8bb9199\" data-element_type=\"widget\" data-widget_type=\"text-editor.default\">\n\t\t\t\t<div class=\"elementor-widget-container\">\n\t\t\t\t\t\t\t\t\t<p class=\"translation-block\"><strong>Das Projekt l\u00e4uft nicht wie geplant?<\/strong> \u2013 Wir steigen auch nachtr\u00e4glich ein, analysieren und bringen Struktur rein.<\/p>\t\t\t\t\t\t\t\t<\/div>\n\t\t\t\t<\/div>\n\t\t\t\t\t<\/div>\n\t\t<\/div>\n\t\t\t\t\t<\/div>\n\t\t<\/section>\n\t\t\t\t<section class=\"elementor-section elementor-top-section elementor-element elementor-element-c55490b elementor-section-boxed elementor-section-height-default elementor-section-height-default elementor-invisible\" data-id=\"c55490b\" data-element_type=\"section\" data-settings=\"{&quot;animation&quot;:&quot;zoomIn&quot;}\">\n\t\t\t\t\t\t<div class=\"elementor-container elementor-column-gap-default\">\n\t\t\t\t\t<div class=\"elementor-column elementor-col-50 elementor-top-column elementor-element elementor-element-4226ebb\" data-id=\"4226ebb\" data-element_type=\"column\">\n\t\t\t<div class=\"elementor-widget-wrap elementor-element-populated\">\n\t\t\t\t\t\t<div class=\"elementor-element elementor-element-2421062 elementor-widget elementor-widget-image\" data-id=\"2421062\" data-element_type=\"widget\" data-widget_type=\"image.default\">\n\t\t\t\t<div class=\"elementor-widget-container\">\n\t\t\t\t\t\t\t\t\t\t\t\t\t\t\t<img fetchpriority=\"high\" decoding=\"async\" width=\"1024\" height=\"683\" src=\"https:\/\/qogir.de\/wp-content\/uploads\/2020\/10\/4679-1024x683.jpg\" class=\"attachment-large size-large wp-image-105\" alt=\"\" srcset=\"https:\/\/qogir.de\/wp-content\/uploads\/2020\/10\/4679-1024x683.jpg 1024w, https:\/\/qogir.de\/wp-content\/uploads\/2020\/10\/4679-300x200.webp 300w, https:\/\/qogir.de\/wp-content\/uploads\/2020\/10\/4679-768x512.jpg 768w, https:\/\/qogir.de\/wp-content\/uploads\/2020\/10\/4679-2048x1365.jpg 2048w, https:\/\/qogir.de\/wp-content\/uploads\/2020\/10\/4679-16x12.jpg 16w, https:\/\/qogir.de\/wp-content\/uploads\/2020\/10\/4679-scaled.webp 1920w\" sizes=\"(max-width: 1024px) 100vw, 1024px\" \/>\t\t\t\t\t\t\t\t\t\t\t\t\t\t\t<\/div>\n\t\t\t\t<\/div>\n\t\t\t\t\t<\/div>\n\t\t<\/div>\n\t\t\t\t<div class=\"elementor-column elementor-col-50 elementor-top-column elementor-element elementor-element-8bca8f5\" data-id=\"8bca8f5\" data-element_type=\"column\">\n\t\t\t<div class=\"elementor-widget-wrap elementor-element-populated\">\n\t\t\t\t\t\t<div class=\"elementor-element elementor-element-bffbef6 elementor-widget elementor-widget-heading\" data-id=\"bffbef6\" data-element_type=\"widget\" data-widget_type=\"heading.default\">\n\t\t\t\t<div class=\"elementor-widget-container\">\n\t\t\t\t\t<h2 class=\"elementor-heading-title elementor-size-default\">Partnerschaft?<\/h2>\t\t\t\t<\/div>\n\t\t\t\t<\/div>\n\t\t\t\t<div class=\"elementor-element elementor-element-9a48c28 elementor-widget elementor-widget-text-editor\" data-id=\"9a48c28\" data-element_type=\"widget\" data-widget_type=\"text-editor.default\">\n\t\t\t\t<div class=\"elementor-widget-container\">\n\t\t\t\t\t\t\t\t\t<p class=\"translation-block\" data-start=\"117\" data-end=\"245\">Sie sind verantwortlich f\u00fcr etwas, das au\u00dferhalb Ihres Einflussbereichs liegt? Genau hier schlie\u00dfen wir die L\u00fccke.<\/p>\t\t\t\t\t\t\t\t<\/div>\n\t\t\t\t<\/div>\n\t\t\t\t<div class=\"elementor-element elementor-element-ebe3d04 elementor-widget elementor-widget-text-editor\" data-id=\"ebe3d04\" data-element_type=\"widget\" data-widget_type=\"text-editor.default\">\n\t\t\t\t<div class=\"elementor-widget-container\">\n\t\t\t\t\t\t\t\t\t<p class=\"translation-block\">Starten wir in eine Partnerschaft \u2013 <strong>ohne Verpflichtung<\/strong>, aber mit echtem Nutzen.<\/p>\t\t\t\t\t\t\t\t<\/div>\n\t\t\t\t<\/div>\n\t\t\t\t<div class=\"elementor-element elementor-element-72a88c0 elementor-mobile-align-justify elementor-align-right elementor-widget elementor-widget-button\" data-id=\"72a88c0\" data-element_type=\"widget\" data-widget_type=\"button.default\">\n\t\t\t\t<div class=\"elementor-widget-container\">\n\t\t\t\t\t\t\t\t\t<div class=\"elementor-button-wrapper\">\n\t\t\t\t\t<a class=\"elementor-button elementor-button-link elementor-size-sm\" href=\"https:\/\/qogir.eu\/contact\/\">\n\t\t\t\t\t\t<span class=\"elementor-button-content-wrapper\">\n\t\t\t\t\t\t\t\t\t<span class=\"elementor-button-text\">Kurzer Austausch<\/span>\n\t\t\t\t\t<\/span>\n\t\t\t\t\t<\/a>\n\t\t\t\t<\/div>\n\t\t\t\t\t\t\t\t<\/div>\n\t\t\t\t<\/div>\n\t\t\t\t<div class=\"elementor-element elementor-element-ebf6171 elementor-widget elementor-widget-text-editor\" data-id=\"ebf6171\" data-element_type=\"widget\" data-widget_type=\"text-editor.default\">\n\t\t\t\t<div class=\"elementor-widget-container\">\n\t\t\t\t\t\t\t\t\t<p class=\"\" data-start=\"339\" data-end=\"378\"><strong data-start=\"339\" data-end=\"378\">Ein starker Partner im Hintergrund.<\/strong><\/p>\t\t\t\t\t\t\t\t<\/div>\n\t\t\t\t<\/div>\n\t\t\t\t\t<\/div>\n\t\t<\/div>\n\t\t\t\t\t<\/div>\n\t\t<\/section>\n\t\t\t\t<\/div>","protected":false},"excerpt":{"rendered":"<p>System Integrators &amp; Machine Suppliers Technically solid \u2013 but not working smoothly on-site?As an System Integrators or Machine Suppliers, you deliver the technology \u2013 but the real challenges often arise at the customer site: in environments with legacy machines, fragmented processes, and unclear IT structures. We understand both sides. That\u2019s why we speak the language&hellip;&nbsp;<a href=\"https:\/\/qogir.de\/de\/home\/supplier\/\" class=\"\" rel=\"bookmark\">Weiterlesen &raquo;<span class=\"screen-reader-text\">Supplier<\/span><\/a><\/p>","protected":false},"author":3,"featured_media":0,"parent":5,"menu_order":1,"comment_status":"closed","ping_status":"closed","template":"page-templates\/template-pagebuilder-full-width.php","meta":{"inline_featured_image":false,"neve_meta_sidebar":"full-width","neve_meta_container":"","neve_meta_enable_content_width":"on","neve_meta_content_width":100,"neve_meta_title_alignment":"","neve_meta_author_avatar":"","neve_post_elements_order":"","neve_meta_disable_header":"","neve_meta_disable_footer":"","neve_meta_disable_title":"","footnotes":""},"class_list":["post-1713","page","type-page","status-publish","hentry"],"yoast_head":"<!-- This site is optimized with the Yoast SEO plugin v26.0 - https:\/\/yoast.com\/wordpress\/plugins\/seo\/ -->\n<title>Supplier - Qogir<\/title>\n<meta name=\"description\" content=\"%\" \/>\n<meta name=\"robots\" content=\"index, follow, max-snippet:-1, max-image-preview:large, max-video-preview:-1\" \/>\n<link rel=\"canonical\" href=\"https:\/\/qogir.de\/de\/home\/supplier\/\" \/>\n<meta property=\"og:locale\" content=\"de_DE\" \/>\n<meta property=\"og:type\" content=\"article\" \/>\n<meta property=\"og:title\" content=\"Supplier - Qogir\" \/>\n<meta property=\"og:description\" content=\"%\" \/>\n<meta property=\"og:url\" content=\"https:\/\/qogir.de\/de\/home\/supplier\/\" \/>\n<meta property=\"og:site_name\" content=\"Qogir\" \/>\n<meta property=\"article:modified_time\" content=\"2025-07-08T11:49:38+00:00\" \/>\n<meta property=\"og:image\" content=\"https:\/\/qogir.eu\/wp-content\/uploads\/2020\/10\/4679-1024x683.jpg\" \/>\n<meta name=\"twitter:card\" content=\"summary_large_image\" \/>\n<meta name=\"twitter:label1\" content=\"Gesch\u00e4tzte Lesezeit\" \/>\n\t<meta name=\"twitter:data1\" content=\"2\u00a0Minuten\" \/>\n<script type=\"application\/ld+json\" class=\"yoast-schema-graph\">{\"@context\":\"https:\/\/schema.org\",\"@graph\":[{\"@type\":\"WebPage\",\"@id\":\"https:\/\/qogir.de\/home\/supplier\/\",\"url\":\"https:\/\/qogir.de\/home\/supplier\/\",\"name\":\"Supplier - Qogir\",\"isPartOf\":{\"@id\":\"https:\/\/qogir.de\/de\/#website\"},\"primaryImageOfPage\":{\"@id\":\"https:\/\/qogir.de\/home\/supplier\/#primaryimage\"},\"image\":{\"@id\":\"https:\/\/qogir.de\/home\/supplier\/#primaryimage\"},\"thumbnailUrl\":\"https:\/\/qogir.eu\/wp-content\/uploads\/2020\/10\/4679-1024x683.jpg\",\"datePublished\":\"2025-04-15T11:24:14+00:00\",\"dateModified\":\"2025-07-08T11:49:38+00:00\",\"description\":\"%\",\"breadcrumb\":{\"@id\":\"https:\/\/qogir.de\/home\/supplier\/#breadcrumb\"},\"inLanguage\":\"de\",\"potentialAction\":[{\"@type\":\"ReadAction\",\"target\":[\"https:\/\/qogir.de\/home\/supplier\/\"]}]},{\"@type\":\"ImageObject\",\"inLanguage\":\"de\",\"@id\":\"https:\/\/qogir.de\/home\/supplier\/#primaryimage\",\"url\":\"https:\/\/qogir.eu\/wp-content\/uploads\/2020\/10\/4679-1024x683.jpg\",\"contentUrl\":\"https:\/\/qogir.eu\/wp-content\/uploads\/2020\/10\/4679-1024x683.jpg\"},{\"@type\":\"BreadcrumbList\",\"@id\":\"https:\/\/qogir.de\/home\/supplier\/#breadcrumb\",\"itemListElement\":[{\"@type\":\"ListItem\",\"position\":1,\"name\":\"Startseite\",\"item\":\"https:\/\/qogir.de\/\"},{\"@type\":\"ListItem\",\"position\":2,\"name\":\"Home\",\"item\":\"https:\/\/qogir.de\/\"},{\"@type\":\"ListItem\",\"position\":3,\"name\":\"Supplier\"}]},{\"@type\":\"WebSite\",\"@id\":\"https:\/\/qogir.de\/de\/#website\",\"url\":\"https:\/\/qogir.de\/de\/\",\"name\":\"Qogir\",\"description\":\"Qogir Digital Services GmbH\",\"publisher\":{\"@id\":\"https:\/\/qogir.de\/de\/#organization\"},\"potentialAction\":[{\"@type\":\"SearchAction\",\"target\":{\"@type\":\"EntryPoint\",\"urlTemplate\":\"https:\/\/qogir.de\/de\/?s={search_term_string}\"},\"query-input\":{\"@type\":\"PropertyValueSpecification\",\"valueRequired\":true,\"valueName\":\"search_term_string\"}}],\"inLanguage\":\"de\"},{\"@type\":\"Organization\",\"@id\":\"https:\/\/qogir.de\/de\/#organization\",\"name\":\"Qogir Digital Services GmbH\",\"url\":\"https:\/\/qogir.de\/de\/\",\"logo\":{\"@type\":\"ImageObject\",\"inLanguage\":\"de\",\"@id\":\"https:\/\/qogir.de\/de\/#\/schema\/logo\/image\/\",\"url\":\"https:\/\/qogir.eu\/wp-content\/uploads\/2020\/10\/Qogir_transparent_240.png\",\"contentUrl\":\"https:\/\/qogir.eu\/wp-content\/uploads\/2020\/10\/Qogir_transparent_240.png\",\"width\":320,\"height\":208,\"caption\":\"Qogir Digital Services GmbH\"},\"image\":{\"@id\":\"https:\/\/qogir.de\/de\/#\/schema\/logo\/image\/\"}}]}<\/script>\n<!-- \/ Yoast SEO plugin. -->","yoast_head_json":{"title":"Supplier - Qogir","description":"%","robots":{"index":"index","follow":"follow","max-snippet":"max-snippet:-1","max-image-preview":"max-image-preview:large","max-video-preview":"max-video-preview:-1"},"canonical":"https:\/\/qogir.de\/de\/home\/supplier\/","og_locale":"de_DE","og_type":"article","og_title":"Supplier - Qogir","og_description":"%","og_url":"https:\/\/qogir.de\/de\/home\/supplier\/","og_site_name":"Qogir","article_modified_time":"2025-07-08T11:49:38+00:00","og_image":[{"url":"https:\/\/qogir.eu\/wp-content\/uploads\/2020\/10\/4679-1024x683.jpg","type":"","width":"","height":""}],"twitter_card":"summary_large_image","twitter_misc":{"Gesch\u00e4tzte Lesezeit":"2\u00a0Minuten"},"schema":{"@context":"https:\/\/schema.org","@graph":[{"@type":"WebPage","@id":"https:\/\/qogir.de\/home\/supplier\/","url":"https:\/\/qogir.de\/home\/supplier\/","name":"Supplier - Qogir","isPartOf":{"@id":"https:\/\/qogir.de\/de\/#website"},"primaryImageOfPage":{"@id":"https:\/\/qogir.de\/home\/supplier\/#primaryimage"},"image":{"@id":"https:\/\/qogir.de\/home\/supplier\/#primaryimage"},"thumbnailUrl":"https:\/\/qogir.eu\/wp-content\/uploads\/2020\/10\/4679-1024x683.jpg","datePublished":"2025-04-15T11:24:14+00:00","dateModified":"2025-07-08T11:49:38+00:00","description":"%","breadcrumb":{"@id":"https:\/\/qogir.de\/home\/supplier\/#breadcrumb"},"inLanguage":"de","potentialAction":[{"@type":"ReadAction","target":["https:\/\/qogir.de\/home\/supplier\/"]}]},{"@type":"ImageObject","inLanguage":"de","@id":"https:\/\/qogir.de\/home\/supplier\/#primaryimage","url":"https:\/\/qogir.eu\/wp-content\/uploads\/2020\/10\/4679-1024x683.jpg","contentUrl":"https:\/\/qogir.eu\/wp-content\/uploads\/2020\/10\/4679-1024x683.jpg"},{"@type":"BreadcrumbList","@id":"https:\/\/qogir.de\/home\/supplier\/#breadcrumb","itemListElement":[{"@type":"ListItem","position":1,"name":"Startseite","item":"https:\/\/qogir.de\/"},{"@type":"ListItem","position":2,"name":"Home","item":"https:\/\/qogir.de\/"},{"@type":"ListItem","position":3,"name":"Supplier"}]},{"@type":"WebSite","@id":"https:\/\/qogir.de\/de\/#website","url":"https:\/\/qogir.de\/de\/","name":"Qogir","description":"Qogir Digital Services GmbH","publisher":{"@id":"https:\/\/qogir.de\/de\/#organization"},"potentialAction":[{"@type":"SearchAction","target":{"@type":"EntryPoint","urlTemplate":"https:\/\/qogir.de\/de\/?s={search_term_string}"},"query-input":{"@type":"PropertyValueSpecification","valueRequired":true,"valueName":"search_term_string"}}],"inLanguage":"de"},{"@type":"Organization","@id":"https:\/\/qogir.de\/de\/#organization","name":"Qogir Digital Services GmbH","url":"https:\/\/qogir.de\/de\/","logo":{"@type":"ImageObject","inLanguage":"de","@id":"https:\/\/qogir.de\/de\/#\/schema\/logo\/image\/","url":"https:\/\/qogir.eu\/wp-content\/uploads\/2020\/10\/Qogir_transparent_240.png","contentUrl":"https:\/\/qogir.eu\/wp-content\/uploads\/2020\/10\/Qogir_transparent_240.png","width":320,"height":208,"caption":"Qogir Digital Services GmbH"},"image":{"@id":"https:\/\/qogir.de\/de\/#\/schema\/logo\/image\/"}}]}},"_links":{"self":[{"href":"https:\/\/qogir.de\/de\/wp-json\/wp\/v2\/pages\/1713","targetHints":{"allow":["GET"]}}],"collection":[{"href":"https:\/\/qogir.de\/de\/wp-json\/wp\/v2\/pages"}],"about":[{"href":"https:\/\/qogir.de\/de\/wp-json\/wp\/v2\/types\/page"}],"author":[{"embeddable":true,"href":"https:\/\/qogir.de\/de\/wp-json\/wp\/v2\/users\/3"}],"replies":[{"embeddable":true,"href":"https:\/\/qogir.de\/de\/wp-json\/wp\/v2\/comments?post=1713"}],"version-history":[{"count":58,"href":"https:\/\/qogir.de\/de\/wp-json\/wp\/v2\/pages\/1713\/revisions"}],"predecessor-version":[{"id":2158,"href":"https:\/\/qogir.de\/de\/wp-json\/wp\/v2\/pages\/1713\/revisions\/2158"}],"up":[{"embeddable":true,"href":"https:\/\/qogir.de\/de\/wp-json\/wp\/v2\/pages\/5"}],"wp:attachment":[{"href":"https:\/\/qogir.de\/de\/wp-json\/wp\/v2\/media?parent=1713"}],"curies":[{"name":"wp","href":"https:\/\/api.w.org\/{rel}","templated":true}]}}