{"id":1771,"date":"2025-04-15T13:20:25","date_gmt":"2025-04-15T12:20:25","guid":{"rendered":"https:\/\/qogir.eu\/?page_id=1771"},"modified":"2025-07-08T12:48:55","modified_gmt":"2025-07-08T11:48:55","slug":"manufacturer","status":"publish","type":"page","link":"https:\/\/qogir.de\/de\/home\/manufacturer\/","title":{"rendered":"Manufacturer"},"content":{"rendered":"<div data-elementor-type=\"wp-page\" data-elementor-id=\"1771\" class=\"elementor elementor-1771\" data-elementor-post-type=\"page\">\n\t\t\t\t\t\t<section class=\"elementor-section elementor-top-section elementor-element elementor-element-80af710 elementor-section-boxed elementor-section-height-default elementor-section-height-default elementor-invisible\" data-id=\"80af710\" data-element_type=\"section\" data-settings=\"{&quot;background_background&quot;:&quot;classic&quot;,&quot;animation&quot;:&quot;zoomIn&quot;}\">\n\t\t\t\t\t\t<div class=\"elementor-container elementor-column-gap-default\">\n\t\t\t\t\t<div class=\"elementor-column elementor-col-100 elementor-top-column elementor-element elementor-element-fc98537\" data-id=\"fc98537\" data-element_type=\"column\">\n\t\t\t<div class=\"elementor-widget-wrap elementor-element-populated\">\n\t\t\t\t\t\t<div class=\"elementor-element elementor-element-7a259c0 elementor-widget elementor-widget-heading\" data-id=\"7a259c0\" data-element_type=\"widget\" data-widget_type=\"heading.default\">\n\t\t\t\t<div class=\"elementor-widget-container\">\n\t\t\t\t\t<h2 class=\"elementor-heading-title elementor-size-default\">Hersteller &amp; Produktionsunternehmen<\/h2>\t\t\t\t<\/div>\n\t\t\t\t<\/div>\n\t\t\t\t\t<\/div>\n\t\t<\/div>\n\t\t\t\t\t<\/div>\n\t\t<\/section>\n\t\t\t\t<section class=\"elementor-section elementor-top-section elementor-element elementor-element-ad3e144 elementor-section-boxed elementor-section-height-default elementor-section-height-default elementor-invisible\" data-id=\"ad3e144\" data-element_type=\"section\" data-settings=\"{&quot;animation&quot;:&quot;zoomIn&quot;}\">\n\t\t\t\t\t\t<div class=\"elementor-container elementor-column-gap-default\">\n\t\t\t\t\t<div class=\"elementor-column elementor-col-100 elementor-top-column elementor-element elementor-element-93f1425\" data-id=\"93f1425\" data-element_type=\"column\">\n\t\t\t<div class=\"elementor-widget-wrap elementor-element-populated\">\n\t\t\t\t\t\t<div class=\"elementor-element elementor-element-f5d2769 elementor-widget elementor-widget-text-editor\" data-id=\"f5d2769\" data-element_type=\"widget\" data-widget_type=\"text-editor.default\">\n\t\t\t\t<div class=\"elementor-widget-container\">\n\t\t\t\t\t\t\t\t\t<p class=\"p1\"><strong>Systeme eingef\u00fchrt \u2013 aber die Produktion l\u00e4uft nicht stabil?<br \/><\/strong>Als Hersteller oder Produktionsunternehmen steuern Sie die Produktion \u2013 doch viele Probleme zeigen sich erst, wenn Maschinen, Software und Prozesse zusammenwirken. In einer Umgebung, die \u00fcber Jahre gewachsen ist, gepr\u00e4gt von Altanlagen, \u00dcbergangsl\u00f6sungen und st\u00e4ndig neuen Anforderungen.<\/p><p class=\"\" data-start=\"972\" data-end=\"1133\">Wir kennen beide Seiten. Deshalb sprechen wir die Sprache von Finishern wie auch Enablern \u2013 und sorgen daf\u00fcr, dass Prozesse, Schnittstellen und Systeme zusammenpassen.<\/p>\t\t\t\t\t\t\t\t<\/div>\n\t\t\t\t<\/div>\n\t\t\t\t<div class=\"elementor-element elementor-element-37eef81 elementor-widget elementor-widget-heading\" data-id=\"37eef81\" data-element_type=\"widget\" data-widget_type=\"heading.default\">\n\t\t\t\t<div class=\"elementor-widget-container\">\n\t\t\t\t\t<h3 class=\"elementor-heading-title elementor-size-default\">Typische Herausforderungen\u200b<\/h3>\t\t\t\t<\/div>\n\t\t\t\t<\/div>\n\t\t\t\t<div class=\"elementor-element elementor-element-e5efb48 elementor-widget elementor-widget-heading\" data-id=\"e5efb48\" data-element_type=\"widget\" data-widget_type=\"heading.default\">\n\t\t\t\t<div class=\"elementor-widget-container\">\n\t\t\t\t\t<span class=\"elementor-heading-title elementor-size-default\">Systeme sind eingef\u00fchrt, aber die Produktion l\u00e4uft nicht stabil \u2013 oder liefert nicht, was versprochen wurde.\nLieferanten schieben sich gegenseitig die Verantwortung zu, w\u00e4hrend technische Details ungekl\u00e4rt bleiben.\nOft fehlt jemand, der die Zusammenh\u00e4nge versteht und fr\u00fchzeitig erkennt, wo es sp\u00e4ter kritisch wird.\n\n<\/span>\t\t\t\t<\/div>\n\t\t\t\t<\/div>\n\t\t\t\t<div class=\"elementor-element elementor-element-857ed4a elementor-align-left elementor-icon-list--layout-traditional elementor-list-item-link-full_width elementor-widget elementor-widget-icon-list\" data-id=\"857ed4a\" data-element_type=\"widget\" data-widget_type=\"icon-list.default\">\n\t\t\t\t<div class=\"elementor-widget-container\">\n\t\t\t\t\t\t\t<ul class=\"elementor-icon-list-items\">\n\t\t\t\t\t\t\t<li class=\"elementor-icon-list-item\">\n\t\t\t\t\t\t\t\t\t\t\t<span class=\"elementor-icon-list-icon\">\n\t\t\t\t\t\t\t<i aria-hidden=\"true\" class=\"fas fa-thumbs-down\"><\/i>\t\t\t\t\t\t<\/span>\n\t\t\t\t\t\t\t\t\t\t<span class=\"elementor-icon-list-text\">Die Maschine produziert \u2013 aber im MES fehlen Chargenstatus, St\u00f6rungen oder Taktzeiten.<\/span>\n\t\t\t\t\t\t\t\t\t<\/li>\n\t\t\t\t\t\t\t\t<li class=\"elementor-icon-list-item\">\n\t\t\t\t\t\t\t\t\t\t\t<span class=\"elementor-icon-list-icon\">\n\t\t\t\t\t\t\t<i aria-hidden=\"true\" class=\"fas fa-thumbs-down\"><\/i>\t\t\t\t\t\t<\/span>\n\t\t\t\t\t\t\t\t\t\t<span class=\"elementor-icon-list-text\">Bei jedem Software-Update funktioniert etwas anderes nicht.<\/span>\n\t\t\t\t\t\t\t\t\t<\/li>\n\t\t\t\t\t\t\t\t<li class=\"elementor-icon-list-item\">\n\t\t\t\t\t\t\t\t\t\t\t<span class=\"elementor-icon-list-icon\">\n\t\t\t\t\t\t\t<i aria-hidden=\"true\" class=\"fas fa-thumbs-down\"><\/i>\t\t\t\t\t\t<\/span>\n\t\t\t\t\t\t\t\t\t\t<span class=\"elementor-icon-list-text\">Es gibt keinen Ansprechpartner, der System, Prozesse und Technik gleichzeitig versteht.<\/span>\n\t\t\t\t\t\t\t\t\t<\/li>\n\t\t\t\t\t\t\t\t<li class=\"elementor-icon-list-item\">\n\t\t\t\t\t\t\t\t\t\t\t<span class=\"elementor-icon-list-icon\">\n\t\t\t\t\t\t\t<i aria-hidden=\"true\" class=\"fas fa-thumbs-down\"><\/i>\t\t\t\t\t\t<\/span>\n\t\t\t\t\t\t\t\t\t\t<span class=\"elementor-icon-list-text\">F\u00fcr eine einfache \u00c4nderung braucht es R\u00fccksprache mit drei Lieferanten \u2013 und niemand will verantwortlich sein.<\/span>\n\t\t\t\t\t\t\t\t\t<\/li>\n\t\t\t\t\t\t\t\t<li class=\"elementor-icon-list-item\">\n\t\t\t\t\t\t\t\t\t\t\t<span class=\"elementor-icon-list-icon\">\n\t\t\t\t\t\t\t<i aria-hidden=\"true\" class=\"fas fa-thumbs-down\"><\/i>\t\t\t\t\t\t<\/span>\n\t\t\t\t\t\t\t\t\t\t<span class=\"elementor-icon-list-text\">Die Anlage steht, weil eine Schnittstelle klemmt \u2013 aber keiner wei\u00df genau, woran es liegt.<\/span>\n\t\t\t\t\t\t\t\t\t<\/li>\n\t\t\t\t\t\t\t\t<li class=\"elementor-icon-list-item\">\n\t\t\t\t\t\t\t\t\t\t\t<span class=\"elementor-icon-list-icon\">\n\t\t\t\t\t\t\t<i aria-hidden=\"true\" class=\"fas fa-thumbs-down\"><\/i>\t\t\t\t\t\t<\/span>\n\t\t\t\t\t\t\t\t\t\t<span class=\"elementor-icon-list-text\">Neue Anforderungen wie OEE, GMP oder Track &amp; Trace lassen sich mit der aktuellen Systemlandschaft kaum umsetzen.<\/span>\n\t\t\t\t\t\t\t\t\t<\/li>\n\t\t\t\t\t\t\t\t<li class=\"elementor-icon-list-item\">\n\t\t\t\t\t\t\t\t\t\t\t<span class=\"elementor-icon-list-icon\">\n\t\t\t\t\t\t\t<i aria-hidden=\"true\" class=\"fas fa-thumbs-down\"><\/i>\t\t\t\t\t\t<\/span>\n\t\t\t\t\t\t\t\t\t\t<span class=\"elementor-icon-list-text\">Projekte ziehen sich, weil intern Kapazit\u00e4ten fehlen oder sich niemand um die technischen Details k\u00fcmmert.<\/span>\n\t\t\t\t\t\t\t\t\t<\/li>\n\t\t\t\t\t\t<\/ul>\n\t\t\t\t\t\t<\/div>\n\t\t\t\t<\/div>\n\t\t\t\t\t<\/div>\n\t\t<\/div>\n\t\t\t\t\t<\/div>\n\t\t<\/section>\n\t\t\t\t<section class=\"elementor-section elementor-top-section elementor-element elementor-element-0a69836 elementor-section-boxed elementor-section-height-default elementor-section-height-default elementor-invisible\" data-id=\"0a69836\" data-element_type=\"section\" data-settings=\"{&quot;animation&quot;:&quot;zoomIn&quot;}\">\n\t\t\t\t\t\t<div class=\"elementor-container elementor-column-gap-default\">\n\t\t\t\t\t<div class=\"elementor-column elementor-col-100 elementor-top-column elementor-element elementor-element-15bdf4d\" data-id=\"15bdf4d\" data-element_type=\"column\">\n\t\t\t<div class=\"elementor-widget-wrap elementor-element-populated\">\n\t\t\t\t\t\t<div class=\"elementor-element elementor-element-2227987 elementor-widget elementor-widget-text-editor\" data-id=\"2227987\" data-element_type=\"widget\" data-widget_type=\"text-editor.default\">\n\t\t\t\t<div class=\"elementor-widget-container\">\n\t\t\t\t\t\t\t\t\t<p class=\"translation-block\"><strong>Das Projekt l\u00e4uft nicht wie geplant?<\/strong> \u2013 Wir steigen auch nachtr\u00e4glich ein, analysieren und bringen Struktur rein.<\/p>\t\t\t\t\t\t\t\t<\/div>\n\t\t\t\t<\/div>\n\t\t\t\t\t<\/div>\n\t\t<\/div>\n\t\t\t\t\t<\/div>\n\t\t<\/section>\n\t\t\t\t<section class=\"elementor-section elementor-top-section elementor-element elementor-element-c55490b elementor-section-boxed elementor-section-height-default elementor-section-height-default elementor-invisible\" data-id=\"c55490b\" data-element_type=\"section\" data-settings=\"{&quot;animation&quot;:&quot;zoomIn&quot;}\">\n\t\t\t\t\t\t<div class=\"elementor-container elementor-column-gap-default\">\n\t\t\t\t\t<div class=\"elementor-column elementor-col-50 elementor-top-column elementor-element elementor-element-4226ebb\" data-id=\"4226ebb\" data-element_type=\"column\">\n\t\t\t<div class=\"elementor-widget-wrap elementor-element-populated\">\n\t\t\t\t\t\t<div class=\"elementor-element elementor-element-2421062 elementor-widget elementor-widget-image\" data-id=\"2421062\" data-element_type=\"widget\" data-widget_type=\"image.default\">\n\t\t\t\t<div class=\"elementor-widget-container\">\n\t\t\t\t\t\t\t\t\t\t\t\t\t\t\t<img fetchpriority=\"high\" decoding=\"async\" width=\"1024\" height=\"683\" src=\"https:\/\/qogir.de\/wp-content\/uploads\/2020\/10\/4679-1024x683.jpg\" class=\"attachment-large size-large wp-image-105\" alt=\"\" srcset=\"https:\/\/qogir.de\/wp-content\/uploads\/2020\/10\/4679-1024x683.jpg 1024w, https:\/\/qogir.de\/wp-content\/uploads\/2020\/10\/4679-300x200.webp 300w, https:\/\/qogir.de\/wp-content\/uploads\/2020\/10\/4679-768x512.jpg 768w, https:\/\/qogir.de\/wp-content\/uploads\/2020\/10\/4679-2048x1365.jpg 2048w, https:\/\/qogir.de\/wp-content\/uploads\/2020\/10\/4679-16x12.jpg 16w, https:\/\/qogir.de\/wp-content\/uploads\/2020\/10\/4679-scaled.webp 1920w\" sizes=\"(max-width: 1024px) 100vw, 1024px\" \/>\t\t\t\t\t\t\t\t\t\t\t\t\t\t\t<\/div>\n\t\t\t\t<\/div>\n\t\t\t\t\t<\/div>\n\t\t<\/div>\n\t\t\t\t<div class=\"elementor-column elementor-col-50 elementor-top-column elementor-element elementor-element-8bca8f5\" data-id=\"8bca8f5\" data-element_type=\"column\">\n\t\t\t<div class=\"elementor-widget-wrap elementor-element-populated\">\n\t\t\t\t\t\t<div class=\"elementor-element elementor-element-50e1c43 elementor-widget elementor-widget-heading\" data-id=\"50e1c43\" data-element_type=\"widget\" data-widget_type=\"heading.default\">\n\t\t\t\t<div class=\"elementor-widget-container\">\n\t\t\t\t\t<h2 class=\"elementor-heading-title elementor-size-default\">Unterst\u00fctzung?<\/h2>\t\t\t\t<\/div>\n\t\t\t\t<\/div>\n\t\t\t\t<div class=\"elementor-element elementor-element-9a48c28 elementor-widget elementor-widget-text-editor\" data-id=\"9a48c28\" data-element_type=\"widget\" data-widget_type=\"text-editor.default\">\n\t\t\t\t<div class=\"elementor-widget-container\">\n\t\t\t\t\t\t\t\t\t<p class=\"p1 translation-block\">Verantwortlich f\u00fcr reibungslose Abl\u00e4ufe \u2013 aber auf sich allein gestellt?\nWir unterst\u00fctzen dort, wo andere aussteigen \u2013 operativ, systemnah und ohne lange Vorlaufzeiten.<\/p>\t\t\t\t\t\t\t\t<\/div>\n\t\t\t\t<\/div>\n\t\t\t\t<div class=\"elementor-element elementor-element-ebe3d04 elementor-widget elementor-widget-text-editor\" data-id=\"ebe3d04\" data-element_type=\"widget\" data-widget_type=\"text-editor.default\">\n\t\t\t\t<div class=\"elementor-widget-container\">\n\t\t\t\t\t\t\t\t\t<p class=\"translation-block\" data-start=\"1280\" data-end=\"1349\"><strong>Lassen Sie uns einen Blick drauf werfen<\/strong> \u2013 oft reicht schon ein Gespr\u00e4ch.<\/p>\t\t\t\t\t\t\t\t<\/div>\n\t\t\t\t<\/div>\n\t\t\t\t<div class=\"elementor-element elementor-element-72a88c0 elementor-mobile-align-justify elementor-align-right elementor-widget elementor-widget-button\" data-id=\"72a88c0\" data-element_type=\"widget\" data-widget_type=\"button.default\">\n\t\t\t\t<div class=\"elementor-widget-container\">\n\t\t\t\t\t\t\t\t\t<div class=\"elementor-button-wrapper\">\n\t\t\t\t\t<a class=\"elementor-button elementor-button-link elementor-size-sm\" href=\"https:\/\/qogir.eu\/contact\/\">\n\t\t\t\t\t\t<span class=\"elementor-button-content-wrapper\">\n\t\t\t\t\t\t\t\t\t<span class=\"elementor-button-text\">Kurzer Austausch<\/span>\n\t\t\t\t\t<\/span>\n\t\t\t\t\t<\/a>\n\t\t\t\t<\/div>\n\t\t\t\t\t\t\t\t<\/div>\n\t\t\t\t<\/div>\n\t\t\t\t<div class=\"elementor-element elementor-element-ebf6171 elementor-widget elementor-widget-text-editor\" data-id=\"ebf6171\" data-element_type=\"widget\" data-widget_type=\"text-editor.default\">\n\t\t\t\t<div class=\"elementor-widget-container\">\n\t\t\t\t\t\t\t\t\t<p class=\"\" data-start=\"339\" data-end=\"378\"><strong data-start=\"339\" data-end=\"378\">Ein starker Partner in der Produktion.<\/strong><\/p>\t\t\t\t\t\t\t\t<\/div>\n\t\t\t\t<\/div>\n\t\t\t\t\t<\/div>\n\t\t<\/div>\n\t\t\t\t\t<\/div>\n\t\t<\/section>\n\t\t\t\t<\/div>","protected":false},"excerpt":{"rendered":"<p>Manufacturers &amp; Production Companies\u200b System deployed \u2013 but production still unstable?As a Manufacturers &amp; Production Companies, you run the production \u2013 but many issues only appear when machines, software and processes come together. In an environment that has evolved over time, shaped by legacy equipment, provisional solutions and constant new demands. We understand both sides.&hellip;&nbsp;<a href=\"https:\/\/qogir.de\/de\/home\/manufacturer\/\" class=\"\" rel=\"bookmark\">Weiterlesen &raquo;<span class=\"screen-reader-text\">Manufacturer<\/span><\/a><\/p>","protected":false},"author":3,"featured_media":0,"parent":5,"menu_order":1,"comment_status":"closed","ping_status":"closed","template":"page-templates\/template-pagebuilder-full-width.php","meta":{"inline_featured_image":false,"neve_meta_sidebar":"full-width","neve_meta_container":"","neve_meta_enable_content_width":"on","neve_meta_content_width":100,"neve_meta_title_alignment":"","neve_meta_author_avatar":"","neve_post_elements_order":"","neve_meta_disable_header":"","neve_meta_disable_footer":"","neve_meta_disable_title":"","footnotes":""},"class_list":["post-1771","page","type-page","status-publish","hentry"],"yoast_head":"<!-- This site is optimized with the Yoast SEO plugin v26.0 - https:\/\/yoast.com\/wordpress\/plugins\/seo\/ -->\n<title>Manufacturer - Qogir<\/title>\n<meta name=\"description\" content=\"%\" \/>\n<meta name=\"robots\" content=\"index, follow, max-snippet:-1, max-image-preview:large, max-video-preview:-1\" \/>\n<link rel=\"canonical\" href=\"https:\/\/qogir.de\/de\/home\/manufacturer\/\" \/>\n<meta property=\"og:locale\" content=\"de_DE\" \/>\n<meta property=\"og:type\" content=\"article\" \/>\n<meta property=\"og:title\" content=\"Manufacturer - Qogir\" \/>\n<meta property=\"og:description\" content=\"%\" \/>\n<meta property=\"og:url\" content=\"https:\/\/qogir.de\/de\/home\/manufacturer\/\" \/>\n<meta property=\"og:site_name\" content=\"Qogir\" \/>\n<meta property=\"article:modified_time\" content=\"2025-07-08T11:48:55+00:00\" \/>\n<meta property=\"og:image\" content=\"https:\/\/qogir.eu\/wp-content\/uploads\/2020\/10\/4679-1024x683.jpg\" \/>\n<meta name=\"twitter:card\" content=\"summary_large_image\" \/>\n<meta name=\"twitter:label1\" content=\"Gesch\u00e4tzte Lesezeit\" \/>\n\t<meta name=\"twitter:data1\" content=\"2\u00a0Minuten\" \/>\n<script type=\"application\/ld+json\" class=\"yoast-schema-graph\">{\"@context\":\"https:\/\/schema.org\",\"@graph\":[{\"@type\":\"WebPage\",\"@id\":\"https:\/\/qogir.de\/home\/manufacturer\/\",\"url\":\"https:\/\/qogir.de\/home\/manufacturer\/\",\"name\":\"Manufacturer - Qogir\",\"isPartOf\":{\"@id\":\"https:\/\/qogir.de\/de\/#website\"},\"primaryImageOfPage\":{\"@id\":\"https:\/\/qogir.de\/home\/manufacturer\/#primaryimage\"},\"image\":{\"@id\":\"https:\/\/qogir.de\/home\/manufacturer\/#primaryimage\"},\"thumbnailUrl\":\"https:\/\/qogir.eu\/wp-content\/uploads\/2020\/10\/4679-1024x683.jpg\",\"datePublished\":\"2025-04-15T12:20:25+00:00\",\"dateModified\":\"2025-07-08T11:48:55+00:00\",\"description\":\"%\",\"breadcrumb\":{\"@id\":\"https:\/\/qogir.de\/home\/manufacturer\/#breadcrumb\"},\"inLanguage\":\"de\",\"potentialAction\":[{\"@type\":\"ReadAction\",\"target\":[\"https:\/\/qogir.de\/home\/manufacturer\/\"]}]},{\"@type\":\"ImageObject\",\"inLanguage\":\"de\",\"@id\":\"https:\/\/qogir.de\/home\/manufacturer\/#primaryimage\",\"url\":\"https:\/\/qogir.eu\/wp-content\/uploads\/2020\/10\/4679-1024x683.jpg\",\"contentUrl\":\"https:\/\/qogir.eu\/wp-content\/uploads\/2020\/10\/4679-1024x683.jpg\"},{\"@type\":\"BreadcrumbList\",\"@id\":\"https:\/\/qogir.de\/home\/manufacturer\/#breadcrumb\",\"itemListElement\":[{\"@type\":\"ListItem\",\"position\":1,\"name\":\"Startseite\",\"item\":\"https:\/\/qogir.de\/\"},{\"@type\":\"ListItem\",\"position\":2,\"name\":\"Home\",\"item\":\"https:\/\/qogir.de\/\"},{\"@type\":\"ListItem\",\"position\":3,\"name\":\"Manufacturer\"}]},{\"@type\":\"WebSite\",\"@id\":\"https:\/\/qogir.de\/de\/#website\",\"url\":\"https:\/\/qogir.de\/de\/\",\"name\":\"Qogir\",\"description\":\"Qogir Digital Services GmbH\",\"publisher\":{\"@id\":\"https:\/\/qogir.de\/de\/#organization\"},\"potentialAction\":[{\"@type\":\"SearchAction\",\"target\":{\"@type\":\"EntryPoint\",\"urlTemplate\":\"https:\/\/qogir.de\/de\/?s={search_term_string}\"},\"query-input\":{\"@type\":\"PropertyValueSpecification\",\"valueRequired\":true,\"valueName\":\"search_term_string\"}}],\"inLanguage\":\"de\"},{\"@type\":\"Organization\",\"@id\":\"https:\/\/qogir.de\/de\/#organization\",\"name\":\"Qogir Digital Services GmbH\",\"url\":\"https:\/\/qogir.de\/de\/\",\"logo\":{\"@type\":\"ImageObject\",\"inLanguage\":\"de\",\"@id\":\"https:\/\/qogir.de\/de\/#\/schema\/logo\/image\/\",\"url\":\"https:\/\/qogir.eu\/wp-content\/uploads\/2020\/10\/Qogir_transparent_240.png\",\"contentUrl\":\"https:\/\/qogir.eu\/wp-content\/uploads\/2020\/10\/Qogir_transparent_240.png\",\"width\":320,\"height\":208,\"caption\":\"Qogir Digital Services GmbH\"},\"image\":{\"@id\":\"https:\/\/qogir.de\/de\/#\/schema\/logo\/image\/\"}}]}<\/script>\n<!-- \/ Yoast SEO plugin. -->","yoast_head_json":{"title":"Manufacturer - Qogir","description":"%","robots":{"index":"index","follow":"follow","max-snippet":"max-snippet:-1","max-image-preview":"max-image-preview:large","max-video-preview":"max-video-preview:-1"},"canonical":"https:\/\/qogir.de\/de\/home\/manufacturer\/","og_locale":"de_DE","og_type":"article","og_title":"Manufacturer - Qogir","og_description":"%","og_url":"https:\/\/qogir.de\/de\/home\/manufacturer\/","og_site_name":"Qogir","article_modified_time":"2025-07-08T11:48:55+00:00","og_image":[{"url":"https:\/\/qogir.eu\/wp-content\/uploads\/2020\/10\/4679-1024x683.jpg","type":"","width":"","height":""}],"twitter_card":"summary_large_image","twitter_misc":{"Gesch\u00e4tzte Lesezeit":"2\u00a0Minuten"},"schema":{"@context":"https:\/\/schema.org","@graph":[{"@type":"WebPage","@id":"https:\/\/qogir.de\/home\/manufacturer\/","url":"https:\/\/qogir.de\/home\/manufacturer\/","name":"Manufacturer - Qogir","isPartOf":{"@id":"https:\/\/qogir.de\/de\/#website"},"primaryImageOfPage":{"@id":"https:\/\/qogir.de\/home\/manufacturer\/#primaryimage"},"image":{"@id":"https:\/\/qogir.de\/home\/manufacturer\/#primaryimage"},"thumbnailUrl":"https:\/\/qogir.eu\/wp-content\/uploads\/2020\/10\/4679-1024x683.jpg","datePublished":"2025-04-15T12:20:25+00:00","dateModified":"2025-07-08T11:48:55+00:00","description":"%","breadcrumb":{"@id":"https:\/\/qogir.de\/home\/manufacturer\/#breadcrumb"},"inLanguage":"de","potentialAction":[{"@type":"ReadAction","target":["https:\/\/qogir.de\/home\/manufacturer\/"]}]},{"@type":"ImageObject","inLanguage":"de","@id":"https:\/\/qogir.de\/home\/manufacturer\/#primaryimage","url":"https:\/\/qogir.eu\/wp-content\/uploads\/2020\/10\/4679-1024x683.jpg","contentUrl":"https:\/\/qogir.eu\/wp-content\/uploads\/2020\/10\/4679-1024x683.jpg"},{"@type":"BreadcrumbList","@id":"https:\/\/qogir.de\/home\/manufacturer\/#breadcrumb","itemListElement":[{"@type":"ListItem","position":1,"name":"Startseite","item":"https:\/\/qogir.de\/"},{"@type":"ListItem","position":2,"name":"Home","item":"https:\/\/qogir.de\/"},{"@type":"ListItem","position":3,"name":"Manufacturer"}]},{"@type":"WebSite","@id":"https:\/\/qogir.de\/de\/#website","url":"https:\/\/qogir.de\/de\/","name":"Qogir","description":"Qogir Digital Services GmbH","publisher":{"@id":"https:\/\/qogir.de\/de\/#organization"},"potentialAction":[{"@type":"SearchAction","target":{"@type":"EntryPoint","urlTemplate":"https:\/\/qogir.de\/de\/?s={search_term_string}"},"query-input":{"@type":"PropertyValueSpecification","valueRequired":true,"valueName":"search_term_string"}}],"inLanguage":"de"},{"@type":"Organization","@id":"https:\/\/qogir.de\/de\/#organization","name":"Qogir Digital Services GmbH","url":"https:\/\/qogir.de\/de\/","logo":{"@type":"ImageObject","inLanguage":"de","@id":"https:\/\/qogir.de\/de\/#\/schema\/logo\/image\/","url":"https:\/\/qogir.eu\/wp-content\/uploads\/2020\/10\/Qogir_transparent_240.png","contentUrl":"https:\/\/qogir.eu\/wp-content\/uploads\/2020\/10\/Qogir_transparent_240.png","width":320,"height":208,"caption":"Qogir Digital Services GmbH"},"image":{"@id":"https:\/\/qogir.de\/de\/#\/schema\/logo\/image\/"}}]}},"_links":{"self":[{"href":"https:\/\/qogir.de\/de\/wp-json\/wp\/v2\/pages\/1771","targetHints":{"allow":["GET"]}}],"collection":[{"href":"https:\/\/qogir.de\/de\/wp-json\/wp\/v2\/pages"}],"about":[{"href":"https:\/\/qogir.de\/de\/wp-json\/wp\/v2\/types\/page"}],"author":[{"embeddable":true,"href":"https:\/\/qogir.de\/de\/wp-json\/wp\/v2\/users\/3"}],"replies":[{"embeddable":true,"href":"https:\/\/qogir.de\/de\/wp-json\/wp\/v2\/comments?post=1771"}],"version-history":[{"count":43,"href":"https:\/\/qogir.de\/de\/wp-json\/wp\/v2\/pages\/1771\/revisions"}],"predecessor-version":[{"id":2155,"href":"https:\/\/qogir.de\/de\/wp-json\/wp\/v2\/pages\/1771\/revisions\/2155"}],"up":[{"embeddable":true,"href":"https:\/\/qogir.de\/de\/wp-json\/wp\/v2\/pages\/5"}],"wp:attachment":[{"href":"https:\/\/qogir.de\/de\/wp-json\/wp\/v2\/media?parent=1771"}],"curies":[{"name":"wp","href":"https:\/\/api.w.org\/{rel}","templated":true}]}}